{"id":2,"date":"2014-10-04T17:47:29","date_gmt":"2014-10-04T17:47:29","guid":{"rendered":"http:\/\/www.i-logic.cc\/?page_id=2"},"modified":"2014-12-21T14:08:27","modified_gmt":"2014-12-21T14:08:27","slug":"home","status":"publish","type":"page","link":"https:\/\/www.i-logic.at\/?page_id=2","title":{"rendered":"Home"},"content":{"rendered":"<div id='layer_slider_1' class='avia-layerslider main_color avia-shadow  container_wrap sidebar_right'    style='height: 471px;' ><\/div>\n<div class=\"flex_column av_one_fourth first  \"><article class=\"iconbox iconbox_top main_color \"  itemscope=\"itemscope\" itemtype=\"https:\/\/schema.org\/CreativeWork\" >        <div class=\"iconbox_content\">        <header class=\"entry-content-header\">            <a href='?page_id=37' title='Lager'  class=\"iconbox_icon heading-color\" aria-hidden='true' data-av_icon='\ue851' data-av_iconfont='entypo-fontello'><\/a>            <h3 class='iconbox_content_title'  itemprop=\"headline\" ><a href='?page_id=37' title='Lager' >Lager<\/a><\/h3>        <\/header>        <div class='iconbox_content_container'  itemprop=\"text\" ><p>Bei uns genie\u00dfen Sie ein intelligentes Lagerservice der Extraklasse! Mit gen\u00fcgend Platz, absoluter Sicherheit sowie permanenter Warenverf\u00fcgbarkeit.\u00a0Dadurch erledigen sich Ihre Gesch\u00e4fte wie von selbst!<\/p>\n        <\/div>    <\/div>    <footer class=\"entry-footer\"><\/footer><\/article>\n<\/div>\n<div class=\"flex_column av_one_fourth   \"><article class=\"iconbox iconbox_top main_color \"  itemscope=\"itemscope\" itemtype=\"https:\/\/schema.org\/CreativeWork\" >        <div class=\"iconbox_content\">        <header class=\"entry-content-header\">            <a href='?page_id=50' title='Messe und Event Logistik'  class=\"iconbox_icon heading-color\" aria-hidden='true' data-av_icon='\ue808' data-av_iconfont='entypo-fontello'><\/a>            <h3 class='iconbox_content_title'  itemprop=\"headline\" ><a href='?page_id=50' title='Messe und Event Logistik' >Messe und Event Logistik<\/a><\/h3>        <\/header>        <div class='iconbox_content_container'  itemprop=\"text\" ><p>Ob bei All-In Services, oder einzelnen Dienstleistungen rund um Ihre Messen und Events, \u2013 wir sind genauso flexibel, \u2013 wie Sie es gerade f\u00fcr ihre wichtigen Kundenauftritte brauchen.<\/p>\n        <\/div>    <\/div>    <footer class=\"entry-footer\"><\/footer><\/article>\n<\/div>\n<div class=\"flex_column av_one_fourth   \"><article class=\"iconbox iconbox_top main_color \"  itemscope=\"itemscope\" itemtype=\"https:\/\/schema.org\/CreativeWork\" >        <div class=\"iconbox_content\">        <header class=\"entry-content-header\">            <a href='?page_id=60' title='Spezial- und Sondertransport'  class=\"iconbox_icon heading-color\" aria-hidden='true' data-av_icon='\ue863' data-av_iconfont='entypo-fontello'><\/a>            <h3 class='iconbox_content_title'  itemprop=\"headline\" ><a href='?page_id=60' title='Spezial- und Sondertransport' >Spezial- und Sondertransport<\/a><\/h3>        <\/header>        <div class='iconbox_content_container'  itemprop=\"text\" ><p>Unsere nationalen und weltweiten Transporte erfolgen schnell, sicher und zeitgerecht. Wir bieten Ihnen ein komplettes Netzwerk f\u00fcr den Transport von Paketen, Paletten oder klein-LKW Ladungen sowie ein warenschonendes Handling.<\/p>\n        <\/div>    <\/div>    <footer class=\"entry-footer\"><\/footer><\/article>\n<\/div>\n<div class=\"flex_column av_one_fourth   \"><article class=\"iconbox iconbox_top main_color \"  itemscope=\"itemscope\" itemtype=\"https:\/\/schema.org\/CreativeWork\" >        <div class=\"iconbox_content\">        <header class=\"entry-content-header\">            <a href='http:\/\/ilogic.ocrlog.com\/ilogic\/Account\/Login.aspx' title='Kundenportal'  target=\"_blank\"  class=\"iconbox_icon heading-color\" aria-hidden='true' data-av_icon='\ue824' data-av_iconfont='entypo-fontello'><\/a>            <h3 class='iconbox_content_title'  itemprop=\"headline\" ><a href='http:\/\/ilogic.ocrlog.com\/ilogic\/Account\/Login.aspx' title='Kundenportal'  target=\"_blank\" >Kundenportal<\/a><\/h3>        <\/header>        <div class='iconbox_content_container'  itemprop=\"text\" ><p>Wir k\u00fcmmern uns um Ihr Gesch\u00e4ft und garantieren, dass Ihre Ware p\u00fcnktlich am gew\u00fcnschten Bestimmungsort ankommt! Selbstverst\u00e4ndlich k\u00f6nnen Sie aber auch jederzeit unsere ma\u00dfgeschneiderte Web Plattform abrufen, um auf dem neuesten Stand zu sein.<\/p>\n        <\/div>    <\/div>    <footer class=\"entry-footer\"><\/footer><\/article>\n<\/div>\n","protected":false},"excerpt":{"rendered":"","protected":false},"author":1,"featured_media":0,"parent":0,"menu_order":0,"comment_status":"closed","ping_status":"open","template":"","meta":{"_bbp_topic_count":0,"_bbp_reply_count":0,"_bbp_total_topic_count":0,"_bbp_total_reply_count":0,"_bbp_voice_count":0,"_bbp_anonymous_reply_count":0,"_bbp_topic_count_hidden":0,"_bbp_reply_count_hidden":0,"_bbp_forum_subforum_count":0},"_links":{"self":[{"href":"https:\/\/www.i-logic.at\/index.php?rest_route=\/wp\/v2\/pages\/2"}],"collection":[{"href":"https:\/\/www.i-logic.at\/index.php?rest_route=\/wp\/v2\/pages"}],"about":[{"href":"https:\/\/www.i-logic.at\/index.php?rest_route=\/wp\/v2\/types\/page"}],"author":[{"embeddable":true,"href":"https:\/\/www.i-logic.at\/index.php?rest_route=\/wp\/v2\/users\/1"}],"replies":[{"embeddable":true,"href":"https:\/\/www.i-logic.at\/index.php?rest_route=%2Fwp%2Fv2%2Fcomments&post=2"}],"version-history":[{"count":13,"href":"https:\/\/www.i-logic.at\/index.php?rest_route=\/wp\/v2\/pages\/2\/revisions"}],"predecessor-version":[{"id":18,"href":"https:\/\/www.i-logic.at\/index.php?rest_route=\/wp\/v2\/pages\/2\/revisions\/18"}],"wp:attachment":[{"href":"https:\/\/www.i-logic.at\/index.php?rest_route=%2Fwp%2Fv2%2Fmedia&parent=2"}],"curies":[{"name":"wp","href":"https:\/\/api.w.org\/{rel}","templated":true}]}}