{"id":26,"date":"2014-10-05T13:14:37","date_gmt":"2014-10-05T13:14:37","guid":{"rendered":"http:\/\/www.i-logic.cc\/?page_id=26"},"modified":"2014-12-21T15:54:58","modified_gmt":"2014-12-21T15:54:58","slug":"dienstleistungen","status":"publish","type":"page","link":"https:\/\/www.i-logic.at\/?page_id=26","title":{"rendered":"Dienstleistungen"},"content":{"rendered":"<section class=\"av_textblock_section\"  itemscope=\"itemscope\" itemtype=\"https:\/\/schema.org\/CreativeWork\" ><div class='avia_textblock '  itemprop=\"text\" ><h2 style=\"text-align: center;\"><strong><b>Unsere Dienstleistungen<\/b><\/strong><\/h2>\n<\/div><\/section>\n<div class=\"flex_column av_one_half first  \"><div style='padding-bottom:10px;' class='av-special-heading av-special-heading-h3 meta-heading   '><h3 class='av-special-heading-tag'  itemprop=\"headline\"  style='padding-bottom:10px;'>Wir bieten<\/h3><div class='special-heading-border'><div class='special-heading-inner-border' ><\/div><\/div><\/div>\n<p><section class=\"av_textblock_section\"  itemscope=\"itemscope\" itemtype=\"https:\/\/schema.org\/CreativeWork\" ><div class='avia_textblock '  itemprop=\"text\" ><p>Beste Ausstattung und sorgf\u00e4ltigste Abfertigung\/Bearbeitung Ihrer G\u00fcter f\u00fchren zu Ihrer absoluten Zufriedenheit denn diese ist unser Erfolg.<\/p>\n<p>Unsere Verantwortung umfasst interne und externe Qualit\u00e4tspr\u00fcfungen, welche das hohe Niveau unserer Leistungen belegen.<\/p>\n<p>Wir optimieren Ihren Warenstrom professionell nach Zeit und Kosten, was f\u00fcr Sie eine exzellente Kosten-Nutzen-Relation bedeutet. In unserer Logistikkette bieten wir Ihnen s\u00e4mtliche, zus\u00e4tzliche Dienstleistungen (Value Added Services), welche wir fachkundig und zuverl\u00e4ssig erf\u00fcllen.<\/p>\n<ul>\n<li>Waren\u00fcbernahme und Warenkontrolle \u2013 bei Bedarf auch verpackungsinnere Detailpr\u00fcfungen und Funktionstests<\/li>\n<li>Bestandsmanagement und Lagerverwaltung<\/li>\n<li>Instandhaltungsservice<\/li>\n<li>Bestellungsannahme und Abwicklung<\/li>\n<li>Chargenverfolgung<br \/>\n<strong><em><span style=\"color: #393939;\">&#8211; Serien-Nr. Tracking<\/span><\/em><\/strong><\/li>\n<li>Taggleiche Kommissionierung<br \/>\n&#8211; Artikel Kommissionierung<br \/>\n&#8211; Sortiment Kommissionierung<br \/>\n&#8211; Co-Packing (Bundling)<br \/>\n&#8211; Produkt Personalisierung<br \/>\n&#8211; Preisauszeichnung<\/li>\n<li>Verpackung und Versand<\/li>\n<li>Drucken und beipacken von Kundendokumenten (z.B. Lieferschein, Garantiekarten\u2026)<\/li>\n<li>Retouren und Reklamationsmanagement<\/li>\n<li>Leergut Management<\/li>\n<li>Vernichtungen und Entsorgung<\/li>\n<li>Bestellungsannahme und Abwicklung<\/li>\n<\/ul>\n<\/div><\/section><br \/>\n<div style='padding-bottom:10px;' class='av-special-heading av-special-heading-h3 meta-heading   '><h3 class='av-special-heading-tag'  itemprop=\"headline\"  style='padding-bottom:10px;'>Sonderleistungen<\/h3><div class='special-heading-border'><div class='special-heading-inner-border' ><\/div><\/div><\/div><br \/>\n<section class=\"av_textblock_section\"  itemscope=\"itemscope\" itemtype=\"https:\/\/schema.org\/CreativeWork\" ><div class='avia_textblock '  itemprop=\"text\" ><p>Wir gehen auf jedes einzelne Kundenbed\u00fcrfnis ein und passen dabei die auftragsspezifischen Detailabl\u00e4ufe individuell an dieses an.\u00a0Unser gro\u00dfer Benefit ist die Verl\u00e4sslichkeit und P\u00fcnktlichkeit bei der Umsetzung von Auftr\u00e4gen.\u00a0In diesem Bereich unseres Gesch\u00e4ftes bieten wir Ihnen Sonder-Dienstleistungen wie folgt:<\/p>\n<ul>\n<li>Direktfahrten und Sonderfahrten<\/li>\n<li>Fixtermine Abholungen\/Auslieferungen<\/li>\n<li>Overnight Service<\/li>\n<li>In night Service<\/li>\n<li>2 Mann Zustell-Abholservice<\/li>\n<li>Abend-, Wochenend- und Feiertags-Service<\/li>\n<li>Sicherheitstransporte \u2013 ab gewissen Warenwerten mit bewaffnetem Begleitfahrzeug<\/li>\n<\/ul>\n<p>Neben diesen Sonderleistungen bieten wir Ihnen nat\u00fcrlich auch branchen\u00fcbliche Standardleistungen wie:<\/p>\n<ul>\n<li>Sammel-, Teil- und Komplettladungen<\/li>\n<li>Transport von der Kleinsendung bis zum \u00fcberdimensionalen Sondertransport<\/li>\n<li>Professionelle Entsorgung (G\u00fcter und Verpackungen)<\/li>\n<li>Time Slot-Buchungen f\u00fcr Be-\/Entladungen<\/li>\n<li>Nachnahme Auslieferungen und Inkasso<\/li>\n<\/ul>\n<\/div><\/section><\/p>\n<\/div>\n<div class=\"flex_column av_one_half   \"><p><div class='avia-image-container avia_animated_image avia_animate_when_almost_visible top-to-bottom av-styling-  avia-align-center '  itemscope=\"itemscope\" itemtype=\"https:\/\/schema.org\/ImageObject\"  ><div class='avia-image-container-inner'><a href='https:\/\/www.i-logic.at\/wp-content\/uploads\/2014\/10\/53A5445-1030x686.jpg' class='avia_image'  ><img class='avia_image ' src='https:\/\/www.i-logic.at\/wp-content\/uploads\/2014\/10\/53A5445-495x400.jpg' alt='' title='i-Logic Technik'  itemprop=\"contentURL\"  \/><\/a><\/div><\/div><br \/>\n<div class='avia-icon-list-container '><ul class='avia-icon-list avia-icon-list-left avia_animate_when_almost_visible'>\n<li><a href='?page_id=37' title='Lager'  class='iconlist_icon avia-font-entypo-fontello'><span class='iconlist-char' aria-hidden='true' data-av_icon='\ue852' data-av_iconfont='entypo-fontello'><\/span><\/a><article class=\"article-icon-entry\"  itemscope=\"itemscope\" itemtype=\"https:\/\/schema.org\/CreativeWork\" ><div class='iconlist_content_wrap'><header class=\"entry-content-header\"><h4 class='iconlist_title'  itemprop=\"headline\" ><a href='?page_id=37' title='Lager'>Lager<\/a><\/h4><\/header><div class='iconlist_content'  itemprop=\"text\" ><p>Bei uns genie\u00dfen Sie ein intelligentes Lagerservice der Extraklasse! Mit gen\u00fcgend Platz, absoluter Sicherheit sowie permanenter Warenverf\u00fcgbarkeit. Dadurch erledigen sich Ihre Gesch\u00e4fte wie von selbst!<\/p>\n<\/div><\/div><footer class=\"entry-footer\"><\/footer><\/article><div class='iconlist-timeline'><\/div><\/li>\n<li><a href='?page_id=50' title='Messe und Event Logistik'  class='iconlist_icon avia-font-entypo-fontello'><span class='iconlist-char' aria-hidden='true' data-av_icon='\ue808' data-av_iconfont='entypo-fontello'><\/span><\/a><article class=\"article-icon-entry\"  itemscope=\"itemscope\" itemtype=\"https:\/\/schema.org\/CreativeWork\" ><div class='iconlist_content_wrap'><header class=\"entry-content-header\"><h4 class='iconlist_title'  itemprop=\"headline\" ><a href='?page_id=50' title='Messe und Event Logistik'>Messe und Event Logistik<\/a><\/h4><\/header><div class='iconlist_content'  itemprop=\"text\" ><p>Ob bei All-In Services, oder einzelnen Dienstleistungen rund um Ihre Messen und Events, \u2013 wir sind genauso flexibel, \u2013 wie Sie es gerade f\u00fcr ihre wichtigen Kundenauftritte brauchen.<\/p>\n<\/div><\/div><footer class=\"entry-footer\"><\/footer><\/article><div class='iconlist-timeline'><\/div><\/li>\n<li><a href='?page_id=60' title='Spezial- und Sondertransport'  class='iconlist_icon avia-font-entypo-fontello'><span class='iconlist-char' aria-hidden='true' data-av_icon='\ue863' data-av_iconfont='entypo-fontello'><\/span><\/a><article class=\"article-icon-entry\"  itemscope=\"itemscope\" itemtype=\"https:\/\/schema.org\/CreativeWork\" ><div class='iconlist_content_wrap'><header class=\"entry-content-header\"><h4 class='iconlist_title'  itemprop=\"headline\" ><a href='?page_id=60' title='Spezial- und Sondertransport'>Spezial- und Sondertransport<\/a><\/h4><\/header><div class='iconlist_content'  itemprop=\"text\" ><p>Unsere nationalen und weltweiten Transporte erfolgen schnell, sicher und zeitgerecht. Wir bieten Ihnen ein komplettes Netzwerk f\u00fcr den Transport von Paketen, Paletten oder klein-LKW Ladungen sowie ein warenschonendes Handling.<\/p>\n<\/div><\/div><footer class=\"entry-footer\"><\/footer><\/article><div class='iconlist-timeline'><\/div><\/li>\n<li><a href='http:\/\/ilogic.ocrlog.com\/ilogic\/Account\/Login.aspx' title='Kundenportal'  target=\"_blank\"  class='iconlist_icon avia-font-entypo-fontello'><span class='iconlist-char' aria-hidden='true' data-av_icon='\ue824' data-av_iconfont='entypo-fontello'><\/span><\/a><article class=\"article-icon-entry\"  itemscope=\"itemscope\" itemtype=\"https:\/\/schema.org\/CreativeWork\" ><div class='iconlist_content_wrap'><header class=\"entry-content-header\"><h4 class='iconlist_title'  itemprop=\"headline\" ><a href='http:\/\/ilogic.ocrlog.com\/ilogic\/Account\/Login.aspx' title='Kundenportal' target=\"_blank\" >Kundenportal<\/a><\/h4><\/header><div class='iconlist_content'  itemprop=\"text\" ><p>Wir k\u00fcmmern uns um Ihr Gesch\u00e4ft und garantieren, dass Ihre Ware p\u00fcnktlich am gew\u00fcnschten Bestimmungsort ankommt! Selbstverst\u00e4ndlich k\u00f6nnen Sie aber auch jederzeit unsere ma\u00dfgeschneiderte Web Plattform abrufen, um auf dem neuesten Stand zu sein.<\/p>\n<\/div><\/div><footer class=\"entry-footer\"><\/footer><\/article><div class='iconlist-timeline'><\/div><\/li>\n<\/ul><\/div><br \/>\n<div style='padding-bottom:10px;' class='av-special-heading av-special-heading-h3 meta-heading   '><h3 class='av-special-heading-tag'  itemprop=\"headline\"  style='padding-bottom:10px;'>System<\/h3><div class='special-heading-border'><div class='special-heading-inner-border' ><\/div><\/div><\/div><br \/>\n<section class=\"av_textblock_section\"  itemscope=\"itemscope\" itemtype=\"https:\/\/schema.org\/CreativeWork\" ><div class='avia_textblock '  itemprop=\"text\" ><p>Unsere Lagerkunden sind an unser Warehouse Management System \u201eSYNLOG\u201c angebunden und k\u00f6nnen jederzeit alle Informationen rund um ihre G\u00fcter abrufen, wie z.B. den Lagerstand, erforderliche Produktinformationen, beliebige Auswertungen aber auch die gesamte Historie.<\/p>\n<p>Ein- und Auslagerungen werden durch ein Barcode Scann System unterst\u00fctzt.<\/p>\n<\/div><\/section><\/p>\n<\/div>\n","protected":false},"excerpt":{"rendered":"","protected":false},"author":1,"featured_media":0,"parent":0,"menu_order":0,"comment_status":"closed","ping_status":"open","template":"","meta":{"_bbp_topic_count":0,"_bbp_reply_count":0,"_bbp_total_topic_count":0,"_bbp_total_reply_count":0,"_bbp_voice_count":0,"_bbp_anonymous_reply_count":0,"_bbp_topic_count_hidden":0,"_bbp_reply_count_hidden":0,"_bbp_forum_subforum_count":0},"_links":{"self":[{"href":"https:\/\/www.i-logic.at\/index.php?rest_route=\/wp\/v2\/pages\/26"}],"collection":[{"href":"https:\/\/www.i-logic.at\/index.php?rest_route=\/wp\/v2\/pages"}],"about":[{"href":"https:\/\/www.i-logic.at\/index.php?rest_route=\/wp\/v2\/types\/page"}],"author":[{"embeddable":true,"href":"https:\/\/www.i-logic.at\/index.php?rest_route=\/wp\/v2\/users\/1"}],"replies":[{"embeddable":true,"href":"https:\/\/www.i-logic.at\/index.php?rest_route=%2Fwp%2Fv2%2Fcomments&post=26"}],"version-history":[{"count":25,"href":"https:\/\/www.i-logic.at\/index.php?rest_route=\/wp\/v2\/pages\/26\/revisions"}],"predecessor-version":[{"id":29,"href":"https:\/\/www.i-logic.at\/index.php?rest_route=\/wp\/v2\/pages\/26\/revisions\/29"}],"wp:attachment":[{"href":"https:\/\/www.i-logic.at\/index.php?rest_route=%2Fwp%2Fv2%2Fmedia&parent=26"}],"curies":[{"name":"wp","href":"https:\/\/api.w.org\/{rel}","templated":true}]}}