{"id":37,"date":"2014-10-05T13:43:51","date_gmt":"2014-10-05T13:43:51","guid":{"rendered":"http:\/\/www.i-logic.cc\/?page_id=37"},"modified":"2014-12-21T13:57:46","modified_gmt":"2014-12-21T13:57:46","slug":"lager","status":"publish","type":"page","link":"https:\/\/www.i-logic.at\/?page_id=37","title":{"rendered":"Lager"},"content":{"rendered":"<span class=\"av_font_icon avia_animate_when_visible av-icon-style-  avia-icon-pos-center \" style=\"color:#cccccc; border-color:#cccccc;\"><span class='av-icon-char' style='font-size:50px;line-height:50px;' aria-hidden='true' data-av_icon='\ue852' data-av_iconfont='entypo-fontello' ><\/span><\/span>\n<div style='height:20px' class='hr hr-invisible '><span class='hr-inner'><span class='hr-inner-style'><\/span><\/span><\/div>\n<section class=\"av_textblock_section\"  itemscope=\"itemscope\" itemtype=\"https:\/\/schema.org\/CreativeWork\" ><div class='avia_textblock '  itemprop=\"text\" ><h2 style=\"text-align: center;\"><strong><b>Lager<\/b><\/strong><\/h2>\n<\/div><\/section>\n<div class=\"flex_column av_one_half first  \"><p><div class='avia-image-container avia_animated_image avia_animate_when_almost_visible top-to-bottom av-styling-  avia-align-left '  itemscope=\"itemscope\" itemtype=\"https:\/\/schema.org\/ImageObject\"  ><div class='avia-image-container-inner'><a href='https:\/\/www.i-logic.at\/wp-content\/uploads\/2014\/10\/53A5456-1030x686.jpg' class='avia_image'  ><img class='avia_image ' src='https:\/\/www.i-logic.at\/wp-content\/uploads\/2014\/10\/53A5456-495x400.jpg' alt='' title='i-Logic Lager'  itemprop=\"contentURL\"  \/><\/a><\/div><\/div><br \/>\n<div style='height:50px' class='hr hr-invisible '><span class='hr-inner'><span class='hr-inner-style'><\/span><\/span><\/div><br \/>\n<section class=\"av_textblock_section\"  itemscope=\"itemscope\" itemtype=\"https:\/\/schema.org\/CreativeWork\" ><div class='avia_textblock '  itemprop=\"text\" ><p>Unternehmen die ihre G\u00fcter lagern ben\u00f6tigen ein sauberes Lager mit ausreichend Platz, absolute Sicherheit, permanente Warenverf\u00fcgbarkeit und Echtzeit Lagerstand.<\/p>\n<p>Wenn es Ihnen wichtig ist jederzeit verkehrsg\u00fcnstig zu Ihren gelagerten G\u00fctern zu gelangen, dann sind wir der richtige Partner f\u00fcr Sie! Unsere Lagerhallen liegen sehr verkehrsg\u00fcnstig \u2013 direkt bei der A2 Ausfahrt Bad V\u00f6slau.<\/p>\n<p>Wenn Sie sich f\u00fcr die Lagerhaltung durch i-Logic entscheiden, erwartet Sie ein modernes Hochregal-Paletten-Lager mit einer Kapazit\u00e4t von 3.500 Stellpl\u00e4tzen. Zus\u00e4tzlich ein 500 m2 Block-Lager inklusive einem Abschnitt, welcher als Hoch-Sicherheit Verschlusslager eingerichtet und betrieben wird.<\/p>\n<p>Die Lagerhaltung wird \u00fcber unser Warehouse Management System \u201eSYNLOG\u201c verwaltet. Unsere Lagerkunden sind an dieses angebunden, und k\u00f6nnen f\u00fcr ihre Ware jederzeit alle Informationen wie z.B. Lagerstand, Produktinformationen, Auswertungen, Historie etc., abrufen.<\/p>\n<p>Mit unserem Bar-Code Scann System k\u00f6nnen auf Kundenwunsch beim Warenaus- und Eingang die Produkt Serien-Nummern erfasst werden.<\/p>\n<p>Die Prozessoptimierung erfolgt \u00fcber Supply-Chain. Wir bieten die selbstst\u00e4ndige Abwicklung der Warendisposition, pflegen Lieferanten- und Artikelstammdaten, \u00fcberwachen Liefertermine und Mengen, und entwickeln in Zusammenarbeit mit Ihren Fachabteilungen ma\u00dfgeschneiderte logistische Konzepte.<\/p>\n<p>Gerne unterst\u00fctzen wir Sie und Ihr Team auch bei Analysen, Budgeterstellung, Produktions- und Ressourcenplanung sowie bei der Identifikation der vorhandenen Potenziale.<\/p>\n<\/div><\/section><br \/>\n<div style='padding-bottom:10px;' class='av-special-heading av-special-heading-h3 meta-heading   '><h3 class='av-special-heading-tag'  itemprop=\"headline\"  style='padding-bottom:10px;'>Gro\u00dfe Sicherheit<\/h3><div class='special-heading-border'><div class='special-heading-inner-border' ><\/div><\/div><\/div><\/p>\n<section class=\"av_textblock_section\"  itemscope=\"itemscope\" itemtype=\"https:\/\/schema.org\/CreativeWork\" ><div class='avia_textblock '  itemprop=\"text\" ><p>Unser CCTV Kamera-System zeichnet 24 Stunden\/365 Tage im Jahr alle Ereignisse im Lager und Au\u00dfenbereich auf. Die gespeicherten Aufnahmen stehen in HD Qualit\u00e4t zur Verf\u00fcgung.<\/p>\n<p>Unsere Alarmanlage ist auf dem letzten technischen Entwicklungsstand, und geh\u00f6rt zu unserer Standardausr\u00fcstung.<\/p>\n<p>Wir sind ein vorurteilsfreies Unternehmen, jedoch arbeiten wir ausschlie\u00dflich mit eigenen und fixen Lagerarbeitern, was bedeutet, dass wir zu keinem Zeitpunkt Projektangestellte, oder Leiharbeiter in unseren Lagern besch\u00e4ftigen.<\/p>\n<p>Unser Lagerteam ist bestens und sehr intensiv geschult. Speziell bei Elektronikprodukten ist es durchaus wichtig, Funktionschecks beim Wareneingang mit technisch geschultem Personal durchzuf\u00fchren. Dieses Service geh\u00f6rt ebenso zu unserem Angebotspotential.<\/p>\n<\/div><\/section>\n<\/div>\n<div class=\"flex_column av_one_half   \"><p><div class='avia-image-container avia_animated_image avia_animate_when_almost_visible top-to-bottom av-styling-  avia-align-left '  itemscope=\"itemscope\" itemtype=\"https:\/\/schema.org\/ImageObject\"  ><div class='avia-image-container-inner'><a href='https:\/\/www.i-logic.at\/wp-content\/uploads\/2014\/10\/53A5476-1030x686.jpg' class='avia_image'  ><img class='avia_image ' src='https:\/\/www.i-logic.at\/wp-content\/uploads\/2014\/10\/53A5476-495x400.jpg' alt='' title='i-Logic Lager Tor'  itemprop=\"contentURL\"  \/><\/a><\/div><\/div><br \/>\n<div style='height:10px' class='hr hr-invisible '><span class='hr-inner'><span class='hr-inner-style'><\/span><\/span><\/div><br \/>\n<div style='padding-bottom:10px;' class='av-special-heading av-special-heading-h3 meta-heading   '><h3 class='av-special-heading-tag'  itemprop=\"headline\"  style='padding-bottom:10px;'>Ausstattung<\/h3><div class='special-heading-border'><div class='special-heading-inner-border' ><\/div><\/div><\/div><br \/>\n<section class=\"av_textblock_section\"  itemscope=\"itemscope\" itemtype=\"https:\/\/schema.org\/CreativeWork\" ><div class='avia_textblock '  itemprop=\"text\" ><p>Um f\u00fcr jede LKW Gr\u00f6\u00dfe wetterunabh\u00e4ngig eine sichere Be- und Entladung zu gew\u00e4hrleisten verf\u00fcgen all unsere Lade-Tore \u00fcber<\/p>\n<ul>\n<li>Anpassrampen<\/li>\n<li>flexible Planentorabdichtungen (f\u00fcr einen wetterdichten Abschluss zwischen LKW und Laderampe)<\/li>\n<\/ul>\n<\/div><\/section><br \/>\n<div style='padding-bottom:10px;' class='av-special-heading av-special-heading-h3 meta-heading   '><h3 class='av-special-heading-tag'  itemprop=\"headline\"  style='padding-bottom:10px;'>Das Lagersystem<\/h3><div class='special-heading-border'><div class='special-heading-inner-border' ><\/div><\/div><\/div><br \/>\n<section class=\"av_textblock_section\"  itemscope=\"itemscope\" itemtype=\"https:\/\/schema.org\/CreativeWork\" ><div class='avia_textblock '  itemprop=\"text\" ><ul>\n<li>Bestellungsannahme und Abwicklung<\/li>\n<li>Waren\u00fcbernahme und Warenkontrolle<\/li>\n<li>Bestandsmanagement und Lagerverwaltung<\/li>\n<li>Chargenverfolgung<\/li>\n<li>Taggleiche Kommissionierung<\/li>\n<li>Verpack und Versand, Lieferscheindruck<\/li>\n<li>Retouren und Reklamationsmanagement<\/li>\n<\/ul>\n<\/div><\/section><br \/>\n<div style='padding-bottom:10px;' class='av-special-heading av-special-heading-h3 meta-heading   '><h3 class='av-special-heading-tag'  itemprop=\"headline\"  style='padding-bottom:10px;'>Unsere Lagerservices im Detail<\/h3><div class='special-heading-border'><div class='special-heading-inner-border' ><\/div><\/div><\/div><\/p>\n<section class=\"av_textblock_section\"  itemscope=\"itemscope\" itemtype=\"https:\/\/schema.org\/CreativeWork\" ><div class='avia_textblock '  itemprop=\"text\" ><ul>\n<li>Regallagerung<\/li>\n<li>Blocklagerung<\/li>\n<li>Zwischenlagerung<\/li>\n<li>Retourenlagerung<\/li>\n<li>Verschlusslagerung<\/li>\n<li>Aktionslagerung<\/li>\n<li>Werbemittellagerung<\/li>\n<\/ul>\n<\/div><\/section><br \/>\n<div style='padding-bottom:10px;' class='av-special-heading av-special-heading-h3 meta-heading   '><h3 class='av-special-heading-tag'  itemprop=\"headline\"  style='padding-bottom:10px;'>Unser Kommissionier Service<\/h3><div class='special-heading-border'><div class='special-heading-inner-border' ><\/div><\/div><\/div><br \/>\n<section class=\"av_textblock_section\"  itemscope=\"itemscope\" itemtype=\"https:\/\/schema.org\/CreativeWork\" ><div class='avia_textblock '  itemprop=\"text\" ><ul>\n<li>Feinkommissionierung,<\/li>\n<li>Verpackung<\/li>\n<li>Artikelkommissionierung<\/li>\n<li>Sortiment Zusammenstellung<\/li>\n<li>Preisauszeichnung<\/li>\n<\/ul>\n<\/div><\/section><\/p>\n<\/div>\n","protected":false},"excerpt":{"rendered":"","protected":false},"author":1,"featured_media":0,"parent":26,"menu_order":1,"comment_status":"closed","ping_status":"open","template":"","meta":{"_bbp_topic_count":0,"_bbp_reply_count":0,"_bbp_total_topic_count":0,"_bbp_total_reply_count":0,"_bbp_voice_count":0,"_bbp_anonymous_reply_count":0,"_bbp_topic_count_hidden":0,"_bbp_reply_count_hidden":0,"_bbp_forum_subforum_count":0},"_links":{"self":[{"href":"https:\/\/www.i-logic.at\/index.php?rest_route=\/wp\/v2\/pages\/37"}],"collection":[{"href":"https:\/\/www.i-logic.at\/index.php?rest_route=\/wp\/v2\/pages"}],"about":[{"href":"https:\/\/www.i-logic.at\/index.php?rest_route=\/wp\/v2\/types\/page"}],"author":[{"embeddable":true,"href":"https:\/\/www.i-logic.at\/index.php?rest_route=\/wp\/v2\/users\/1"}],"replies":[{"embeddable":true,"href":"https:\/\/www.i-logic.at\/index.php?rest_route=%2Fwp%2Fv2%2Fcomments&post=37"}],"version-history":[{"count":18,"href":"https:\/\/www.i-logic.at\/index.php?rest_route=\/wp\/v2\/pages\/37\/revisions"}],"predecessor-version":[{"id":41,"href":"https:\/\/www.i-logic.at\/index.php?rest_route=\/wp\/v2\/pages\/37\/revisions\/41"}],"up":[{"embeddable":true,"href":"https:\/\/www.i-logic.at\/index.php?rest_route=\/wp\/v2\/pages\/26"}],"wp:attachment":[{"href":"https:\/\/www.i-logic.at\/index.php?rest_route=%2Fwp%2Fv2%2Fmedia&parent=37"}],"curies":[{"name":"wp","href":"https:\/\/api.w.org\/{rel}","templated":true}]}}