{"id":98,"date":"2014-10-05T14:10:12","date_gmt":"2014-10-05T14:10:12","guid":{"rendered":"http:\/\/www.i-logic.cc\/?page_id=98"},"modified":"2020-05-06T13:40:46","modified_gmt":"2020-05-06T13:40:46","slug":"team","status":"publish","type":"page","link":"https:\/\/www.i-logic.at\/?page_id=98","title":{"rendered":"Team"},"content":{"rendered":"<section class=\"av_textblock_section\"  itemscope=\"itemscope\" itemtype=\"https:\/\/schema.org\/CreativeWork\" ><div class='avia_textblock '  itemprop=\"text\" ><h2 style=\"text-align: center;\"><strong><b>Unser Team<\/b><\/strong><\/h2>\n<\/div><\/section>\n<div style='height:20px' class='hr hr-invisible '><span class='hr-inner'><span class='hr-inner-style'><\/span><\/span><\/div>\n<section class=\"av_textblock_section\"  itemscope=\"itemscope\" itemtype=\"https:\/\/schema.org\/CreativeWork\" ><div class='avia_textblock '  itemprop=\"text\" ><p style=\"text-align: center; color: #3b3b45;\">Der Teamgeist ist heut&#8217; hoch gefragt, weil man im Team sich leichter plagt;<br \/>\ndoch die Gemeinschaft h\u00e4lt nicht lang&#8217;, wenn man nicht zieht am selben Strang.<br \/>\n<em>(Oskar Stock) <\/em><\/p>\n<\/div><\/section>\n<div style='height:20px' class='hr hr-invisible '><span class='hr-inner'><span class='hr-inner-style'><\/span><\/span><\/div>\n<section class=\"av_textblock_section\"  itemscope=\"itemscope\" itemtype=\"https:\/\/schema.org\/CreativeWork\" ><div class='avia_textblock '  itemprop=\"text\" ><p>Wir k\u00fcmmern uns pers\u00f6nlich um Ihre Bed\u00fcrfnisse, denn pers\u00f6nlicher Kontakt und einwandfreie Kommunikation, sind die Basis unseres gemeinsamen Erfolgs. \u00a0St\u00e4ndig arbeiten wir an der Zufriedenheit unserer Kunden, und Ihr Feedback ist jederzeit willkommen!<\/p>\n<p>Bei uns bekommen Sie eine Ansprechperson f\u00fcr all unsere Produktbereiche. Unser Service umfasst die Sendungsverfolgung,- vom Anfang bis zum Ende der Logistikkette.<\/p>\n<p>Das stellen wir f\u00fcr Sie sicher!<\/p>\n<\/div><\/section>\n<div class=\"flex_column av_one_third first  \"><section class='avia-team-member '  itemscope=\"itemscope\" itemtype=\"https:\/\/schema.org\/Person\" ><div class='team-img-container'><img class='avia_image avia_image_team' src='http:\/\/www.i-logic.cc\/wp-content\/uploads\/2014\/10\/AndreasBuebl-5315-686x1030.jpg' alt='Richard Sulzbacher'  itemprop=\"image\"  \/><\/div><h3 class='team-member-name'  itemprop=\"name\" >Richard Sulzbacher<\/h3><div class='team-member-job-title'  itemprop=\"jobTitle\" >Gewerblicher Gesch\u00e4ftsf\u00fchrer<br \/>\nHandelsrechtlicher Gesch\u00e4ftsf\u00fchrer<\/div><div class='team-member-description'  itemprop=\"description\" ><p>Als CFO ist er f\u00fcr die Finanzen und deren strategische Planung verantwortlich. Ein weiteres Aufgabengebiet ist der Umgang mit allen Beh\u00f6rden.<br \/>\n<a href=\"mailto:Richard.Sulzbacher@i-Logic.cc\">Richard.Sulzbacher@i-Logic.cc<\/a><\/p>\n<\/div><span class='hidden team-member-affiliation'  itemprop=\"affiliation\" >i-Logic<\/span><\/section>\n<\/div>\n<div class=\"flex_column av_one_third   \"><section class='avia-team-member '  itemscope=\"itemscope\" itemtype=\"https:\/\/schema.org\/Person\" ><div class='team-img-container'><img class='avia_image avia_image_team' src='http:\/\/www.i-logic.cc\/wp-content\/uploads\/2014\/10\/AndreasBuebl-5307m-686x1030.jpg' alt='Johann Krulis'  itemprop=\"image\"  \/><\/div><h3 class='team-member-name'  itemprop=\"name\" >Johann Krulis<\/h3><div class='team-member-job-title'  itemprop=\"jobTitle\" >Head of Sales &amp; Marketing<\/div><div class='team-member-description'  itemprop=\"description\" ><p>In dieser Funktion ist er die inter- und nationale Ansprechperson f\u00fcr unsere Kunden und Partner. Individuell f\u00fcr unsere Kunden erarbeitete Logistikl\u00f6sungen sind seine wichtigste Aufgabe.<br \/>\n<a href=\"mailto:Johann.Krulis@i-Logic.cc\">Johann.Krulis@i-Logic.cc<\/a><\/p>\n<\/div><span class='hidden team-member-affiliation'  itemprop=\"affiliation\" >i-Logic<\/span><\/section>\n<\/div>\n<div class=\"flex_column av_one_third   \"><section class='avia-team-member '  itemscope=\"itemscope\" itemtype=\"https:\/\/schema.org\/Person\" ><div class='team-img-container'><img class='avia_image avia_image_team' src='http:\/\/www.i-logic.cc\/wp-content\/uploads\/2014\/10\/AndreasBuebl-5332-686x1030.jpg' alt='Reinhard Trimmel'  itemprop=\"image\"  \/><\/div><h3 class='team-member-name'  itemprop=\"name\" >Reinhard Trimmel<\/h3><div class='team-member-description'  itemprop=\"description\" ><p>Eine der Schl\u00fcsselpersonen im operativen Handling und somit f\u00fcr unsere Kunden die Hauptanlaufstelle. Zu seinen weiteren Aufgabenfeldern geh\u00f6rt die Unterst\u00fctzung und Weiterverbesserung der Abwicklungssysteme sowie IT Herausforderungen Vorort.<br \/>\n<a href=\"mailto:Reinhard.Trimmel@i-Logic.cc\">Reinhard.Trimmel@i-Logic.cc<\/a><\/p>\n<\/div><span class='hidden team-member-affiliation'  itemprop=\"affiliation\" >i-Logic<\/span><\/section>\n<\/div>\n<div class=\"flex_column av_one_third first  \"><section class='avia-team-member '  itemscope=\"itemscope\" itemtype=\"https:\/\/schema.org\/Person\" ><div class='team-img-container'><img class='avia_image avia_image_team' src='http:\/\/www.i-logic.cc\/wp-content\/uploads\/2014\/10\/AndreasBuebl-5322-686x1030.jpg' alt='Manon Krulis'  itemprop=\"image\"  \/><\/div><h3 class='team-member-name'  itemprop=\"name\" >Manon Krulis<\/h3><div class='team-member-description'  itemprop=\"description\" ><p>H\u00e4lt unser Buchungssystem unter Kontrolle. Buchungen der Ein- und Ausgangsrechnungen sowie Vorausberechnung von Steuern und Abgaben, fallen in ihren Zust\u00e4ndigkeitsbereich.<br \/>\n<a href=\"mailto:Manon.Krulis@i-Logic.cc\">Manon.Krulis@i-Logic.cc<\/a><\/p>\n<\/div><span class='hidden team-member-affiliation'  itemprop=\"affiliation\" >i-Logic<\/span><\/section>\n<\/div>\n","protected":false},"excerpt":{"rendered":"","protected":false},"author":1,"featured_media":0,"parent":0,"menu_order":0,"comment_status":"closed","ping_status":"open","template":"","meta":{"_bbp_topic_count":0,"_bbp_reply_count":0,"_bbp_total_topic_count":0,"_bbp_total_reply_count":0,"_bbp_voice_count":0,"_bbp_anonymous_reply_count":0,"_bbp_topic_count_hidden":0,"_bbp_reply_count_hidden":0,"_bbp_forum_subforum_count":0},"_links":{"self":[{"href":"https:\/\/www.i-logic.at\/index.php?rest_route=\/wp\/v2\/pages\/98"}],"collection":[{"href":"https:\/\/www.i-logic.at\/index.php?rest_route=\/wp\/v2\/pages"}],"about":[{"href":"https:\/\/www.i-logic.at\/index.php?rest_route=\/wp\/v2\/types\/page"}],"author":[{"embeddable":true,"href":"https:\/\/www.i-logic.at\/index.php?rest_route=\/wp\/v2\/users\/1"}],"replies":[{"embeddable":true,"href":"https:\/\/www.i-logic.at\/index.php?rest_route=%2Fwp%2Fv2%2Fcomments&post=98"}],"version-history":[{"count":40,"href":"https:\/\/www.i-logic.at\/index.php?rest_route=\/wp\/v2\/pages\/98\/revisions"}],"predecessor-version":[{"id":608,"href":"https:\/\/www.i-logic.at\/index.php?rest_route=\/wp\/v2\/pages\/98\/revisions\/608"}],"wp:attachment":[{"href":"https:\/\/www.i-logic.at\/index.php?rest_route=%2Fwp%2Fv2%2Fmedia&parent=98"}],"curies":[{"name":"wp","href":"https:\/\/api.w.org\/{rel}","templated":true}]}}